{"id":7412,"date":"2025-01-17T08:53:53","date_gmt":"2025-01-17T11:53:53","guid":{"rendered":"https:\/\/www.gobernanzauniversitaria.cl\/?page_id=7412"},"modified":"2026-03-31T10:03:06","modified_gmt":"2026-03-31T13:03:06","slug":"fondecyt-1220740","status":"publish","type":"page","link":"https:\/\/www.gobernanzauniversitaria.cl\/?page_id=7412","title":{"rendered":"FONDECYT 1220740 | 2022 &#8211; 2025"},"content":{"rendered":"\n<div class=\"rii-proyecto-ficha\">\n\n  <div class=\"rii-proyecto-codigo\">FONDECYT 1220740 | 2022 \u2013 2025<\/div>\n\n  <h2 class=\"rii-proyecto-titulo\">Sostenibilidad Corporativa y el Rol de los Consejos Superiores de las Universidades Estatales: Importancia de la Materialidad de la Informaci\u00f3n<\/h2>\n\n  <hr>\n\n  <h3>Equipo<\/h3>\n\n  <div class=\"rii-proyecto-equipo\">\n\n    <div class=\"rii-proyecto-rol\">\n      <span class=\"rii-proyecto-rol-label\">Investigador Responsable<\/span>\n      <span class=\"rii-proyecto-rol-nombre\">Dr. Juan Bautista Alejandro Abello Romero<\/span>\n      <span style=\"font-size:13px;color:#6B7E99\">Universidad de Santiago de Chile \u2014 Facultad de Administraci\u00f3n y Econom\u00eda<\/span>\n    <\/div>\n\n    <div class=\"rii-proyecto-rol\">\n      <span class=\"rii-proyecto-rol-label\">Co-investigadores<\/span>\n      <ul>\n        <li>Dra. Ivette Dur\u00e1n Seguel \u2014 Universidad Cat\u00f3lica del Maule, Facultad de Ciencias Econ\u00f3micas y Sociales<\/li>\n        <li>Dr. Claudio Mancilla \u2014 Universidad de los Lagos, Departamento de Ciencias Administrativas y Econ\u00f3micas<\/li>\n        <li>Dr. Francisco Ganga Contreras \u2014 Universidad de Tarapac\u00e1, Facultad de Educaci\u00f3n y Humanidades<\/li>\n      <\/ul>\n    <\/div>\n\n    <div class=\"rii-proyecto-rol\">\n      <span class=\"rii-proyecto-rol-label\">Investigadores Cooperaci\u00f3n Internacional<\/span>\n      <ul>\n        <li>Fran\u00e7ois Vallaeys \u2014 experto en \u00e9tica y responsabilidad social universitaria (Universidad del Pac\u00edfico, Per\u00fa)<\/li>\n      <\/ul>\n    <\/div>\n\n    <div class=\"rii-proyecto-periodo\">\n      <span class=\"rii-proyecto-rol-label\">Per\u00edodo<\/span>\n      <span>2022 \u2013 2025<\/span>\n    <\/div>\n\n  <\/div>\n\n  <h3>Resumen<\/h3>\n\n  <p>A los Consejos Superiores (CS), de acuerdo con la legislaci\u00f3n, les corresponde &#8220;definir la pol\u00edtica general de desarrollo y las decisiones estrat\u00e9gicas de la instituci\u00f3n, velando por su cumplimiento, de conformidad a la misi\u00f3n, principios y funciones de la universidad&#8221; (Ley N\u00b021.094, 2018, art. 13). En el a\u00f1o 2019, los activos de las universidades estatales ascend\u00edan a MM$2.604.875 y los ingresos por actividades ordinarias llegaban a MM$1.204.250.<\/p>\n\n  <p>El <strong>objetivo general<\/strong> del proyecto es evaluar la materialidad de la informaci\u00f3n sobre la sostenibilidad corporativa utilizada en las decisiones de los consejos superiores de las universidades estatales chilenas, con el prop\u00f3sito de que las universidades aporten al desarrollo sostenible de la sociedad. Se definieron cuatro objetivos espec\u00edficos:<\/p>\n\n  <ol>\n    <li>Distinguir los aspectos ambientales, sociales y econ\u00f3micos de la informaci\u00f3n sobre sostenibilidad corporativa que resulten relevantes para la toma de decisiones de las partes interesadas.<\/li>\n    <li>Dise\u00f1ar est\u00e1ndares te\u00f3ricos de materialidad de la informaci\u00f3n sobre sostenibilidad corporativa que sirvan de base para las decisiones de los CS.<\/li>\n    <li>Categorizar la informaci\u00f3n sobre sostenibilidad corporativa que utilizan los CS para compararla con los est\u00e1ndares propuestos.<\/li>\n    <li>Constatar la incidencia de la materialidad de la informaci\u00f3n sobre sostenibilidad corporativa junto a otras variables en la toma de decisiones estrat\u00e9gicas.<\/li>\n  <\/ol>\n\n  <p>La <strong>metodolog\u00eda es mixta<\/strong> y consta de cuatro etapas: identificaci\u00f3n de aspectos de sostenibilidad mediante revisi\u00f3n bibliogr\u00e1fica, construcci\u00f3n de la matriz de materialidad mediante encuesta a grupos de inter\u00e9s, revisi\u00f3n de informes base para las decisiones de los CS, y validaci\u00f3n estad\u00edstica de la relaci\u00f3n entre niveles de materialidad y decisiones tomadas.<\/p>\n\n  <p>Los <strong>productos esperados<\/strong> incluyen: tipificaci\u00f3n de las decisiones de los CS, criterios de sostenibilidad por dimensi\u00f3n (ecol\u00f3gica, social y econ\u00f3mica), est\u00e1ndares de materialidad, base de datos de atributos de los CS, informe de relaciones entre materialidad y decisiones, y <strong>3 publicaciones WoS\/Scopus<\/strong> con hallazgos emp\u00edricos y propuestas te\u00f3ricas.<\/p>\n\n  <hr>\n\n  <h3>Productos del proyecto<\/h3>\n\n  <div class=\"rii-proyecto-publicaciones\">\n\n    <div class=\"rii-proyecto-pub\">\n      Abello-Romero, J., Mancilla, C., Restrepo, K., S\u00e1ez, W., Dur\u00e1n-Seguel, I., &amp; Ganga-Contreras, F. (2024). Sustainability Reporting in the University Context \u2014 A Review and Analysis of the Literature. <em>Sustainability, 16<\/em>(24), 10888.\n      <a href=\"https:\/\/doi.org\/10.3390\/su162410888\" target=\"_blank\" rel=\"noopener\">https:\/\/doi.org\/10.3390\/su162410888<\/a>\n      <div class=\"rii-pub-badges\">\n        <span class=\"rii-pub-badge rii-pub-badge-scopus\">Scopus<\/span>\n        <span class=\"rii-pub-badge rii-pub-badge-doi\">DOI<\/span>\n      <\/div>\n    <\/div>\n\n    <div class=\"rii-proyecto-pub\">\n      Abello-Romero, J., Mancilla, C., S\u00e1ez, W., Ganga-Contreras, F., &amp; Dur\u00e1n-Seguel, I. (2023). Sustainable Development and Corporate Sustainability of Chilean State Universities: Evidence from Their Strategic Elements. <em>Sustainability, 15<\/em>(14), 11033.\n      <a href=\"https:\/\/doi.org\/10.3390\/su151411033\" target=\"_blank\" rel=\"noopener\">https:\/\/doi.org\/10.3390\/su151411033<\/a>\n      <div class=\"rii-pub-badges\">\n        <span class=\"rii-pub-badge rii-pub-badge-scopus\">Scopus<\/span>\n        <span class=\"rii-pub-badge rii-pub-badge-doi\">DOI<\/span>\n      <\/div>\n    <\/div>\n\n  <\/div>\n\n<\/div>\n","protected":false},"excerpt":{"rendered":"<p>FONDECYT 1220740 | 2022 \u2013 2025 Sostenibilidad Corporativa y el Rol de los Consejos Superiores de las Universidades Estatales: Importancia de la Materialidad de la Informaci\u00f3n Equipo Investigador Responsable Dr. Juan Bautista Alejandro Abello Romero Universidad de Santiago de Chile \u2014 Facultad de Administraci\u00f3n y Econom\u00eda Co-investigadores Dra. Ivette Dur\u00e1n Seguel \u2014 Universidad Cat\u00f3lica del [&hellip;]<\/p>\n","protected":false},"author":1,"featured_media":0,"parent":0,"menu_order":0,"comment_status":"closed","ping_status":"closed","template":"page-proyecto.php","meta":{"footnotes":""},"class_list":["post-7412","page","type-page","status-publish","hentry"],"_links":{"self":[{"href":"https:\/\/www.gobernanzauniversitaria.cl\/index.php?rest_route=\/wp\/v2\/pages\/7412","targetHints":{"allow":["GET"]}}],"collection":[{"href":"https:\/\/www.gobernanzauniversitaria.cl\/index.php?rest_route=\/wp\/v2\/pages"}],"about":[{"href":"https:\/\/www.gobernanzauniversitaria.cl\/index.php?rest_route=\/wp\/v2\/types\/page"}],"author":[{"embeddable":true,"href":"https:\/\/www.gobernanzauniversitaria.cl\/index.php?rest_route=\/wp\/v2\/users\/1"}],"replies":[{"embeddable":true,"href":"https:\/\/www.gobernanzauniversitaria.cl\/index.php?rest_route=%2Fwp%2Fv2%2Fcomments&post=7412"}],"version-history":[{"count":21,"href":"https:\/\/www.gobernanzauniversitaria.cl\/index.php?rest_route=\/wp\/v2\/pages\/7412\/revisions"}],"predecessor-version":[{"id":204964,"href":"https:\/\/www.gobernanzauniversitaria.cl\/index.php?rest_route=\/wp\/v2\/pages\/7412\/revisions\/204964"}],"wp:attachment":[{"href":"https:\/\/www.gobernanzauniversitaria.cl\/index.php?rest_route=%2Fwp%2Fv2%2Fmedia&parent=7412"}],"curies":[{"name":"wp","href":"https:\/\/api.w.org\/{rel}","templated":true}]}}