{"id":7233,"date":"2024-08-19T17:57:30","date_gmt":"2024-08-19T20:57:30","guid":{"rendered":"https:\/\/www.gobernanzauniversitaria.cl\/?page_id=7233"},"modified":"2026-03-16T15:24:27","modified_gmt":"2026-03-16T18:24:27","slug":"contacto","status":"publish","type":"page","link":"https:\/\/www.gobernanzauniversitaria.cl\/?page_id=7233","title":{"rendered":"Como ser parte de la red"},"content":{"rendered":"<div class=\"wbc-row\"><div class=\"wbc-col wbc-col-12\"><div class=\"riigued-wrapper\">\r\n    <section class=\"riigued-join\" id=\"ser-parte\">\r\n        <div class=\"riigued-container\">\r\n            <div class=\"section-header\">\r\n                <span class=\"section-tag\">\u00danete<\/span>\r\n                <h2 class=\"section-title\">C\u00f3mo Ser Parte de la Red<\/h2>\r\n                <p class=\"section-subtitle\">A lo largo de m\u00e1s de una d\u00e9cada, nuestra red ha sido un referente en la investigaci\u00f3n sobre gobernanza universitaria. Con numerosos art\u00edculos cient\u00edficos y colaboraciones, seguimos construyendo conocimiento relevante. Si quieres aportar tu experiencia o conocer m\u00e1s sobre nuestro trabajo, cont\u00e1ctanos y \u00fanete a la comunidad. \r\n                Requisitos:\r\n                1. Publicar al menos un articulo al a\u00f1o\r\n2. Participar en eventos (seminarios, congresos)\r\n3. Participar con investigaci\u00f3n con alg\u00fan miembro de la red\r\n4. Participar en al menos el 60% de las reuniones ordinarias<\/p>\r\n            <\/div>\r\n\r\n            <div class=\"steps-container\">\r\n                <div class=\"step\">\r\n                    <div class=\"step-number\">1<\/div>\r\n                    <div class=\"step-content\">\r\n                        <h3>Completa el Formulario<\/h3>\r\n                        <p>Llena el formulario de registro con tu informaci\u00f3n acad\u00e9mica, \u00e1reas de investigaci\u00f3n y afiliaci\u00f3n institucional. Nos interesa conocer tu trayectoria y objetivos.<\/p>\r\n                    <\/div>\r\n                <\/div>\r\n\r\n                <div class=\"step\">\r\n                    <div class=\"step-number\">2<\/div>\r\n                    <div class=\"step-content\">\r\n                        <h3>Revisi\u00f3n del Comit\u00e9<\/h3>\r\n                        <p>Nuestro comit\u00e9 evaluador revisar\u00e1 tu solicitud en un plazo de 15 d\u00edas h\u00e1biles. Verificaremos tu perfil acad\u00e9mico y la alineaci\u00f3n con los objetivos de la red.<\/p>\r\n                    <\/div>\r\n                <\/div>\r\n\r\n                <div class=\"step\">\r\n                    <div class=\"step-number\">3<\/div>\r\n                    <div class=\"step-content\">\r\n                        <h3>Bienvenida a la Red<\/h3>\r\n                        <p>Una vez aprobada tu solicitud, recibir\u00e1s un correo de bienvenida con acceso a nuestra plataforma, grupos de trabajo y todas las actividades de la red.<\/p>\r\n                    <\/div>\r\n                <\/div>\r\n            <\/div>\r\n\r\n            <div class=\"join-cta\">\r\n                <h3>\u00bfListo para unirte?<\/h3>\r\n                <p>Forma parte de una comunidad de investigadores comprometidos con la transformaci\u00f3n de la educaci\u00f3n superior.<\/p>\r\n                <a href=\"\/?page_id=7690\" class=\"btn-white\">Solicitar Membres\u00eda<\/a>\r\n            <\/div>\r\n        <\/div>\r\n    <\/section>\r\n<\/div><hr class=\"wbc-separator\" style=\"border-color:blue;\" \/>[dt_team_carousel orderby=&#8221;rand&#8221; posts_offset=&#8221;0&#8243; img_border_radius=&#8221;0px&#8221; post_title_bottom_margin=&#8221;0px&#8221; team_position=&#8221;n&#8221; show_team_desc=&#8221;n&#8221; show_soc_icon=&#8221;n&#8221; arrows=&#8221;n&#8221; category=&#8221;&#8221;]<\/div><\/div>\n","protected":false},"excerpt":{"rendered":"","protected":false},"author":1,"featured_media":0,"parent":0,"menu_order":0,"comment_status":"closed","ping_status":"closed","template":"page-ser-parte.php","meta":{"footnotes":""},"class_list":["post-7233","page","type-page","status-publish","hentry"],"_links":{"self":[{"href":"https:\/\/www.gobernanzauniversitaria.cl\/index.php?rest_route=\/wp\/v2\/pages\/7233","targetHints":{"allow":["GET"]}}],"collection":[{"href":"https:\/\/www.gobernanzauniversitaria.cl\/index.php?rest_route=\/wp\/v2\/pages"}],"about":[{"href":"https:\/\/www.gobernanzauniversitaria.cl\/index.php?rest_route=\/wp\/v2\/types\/page"}],"author":[{"embeddable":true,"href":"https:\/\/www.gobernanzauniversitaria.cl\/index.php?rest_route=\/wp\/v2\/users\/1"}],"replies":[{"embeddable":true,"href":"https:\/\/www.gobernanzauniversitaria.cl\/index.php?rest_route=%2Fwp%2Fv2%2Fcomments&post=7233"}],"version-history":[{"count":18,"href":"https:\/\/www.gobernanzauniversitaria.cl\/index.php?rest_route=\/wp\/v2\/pages\/7233\/revisions"}],"predecessor-version":[{"id":7749,"href":"https:\/\/www.gobernanzauniversitaria.cl\/index.php?rest_route=\/wp\/v2\/pages\/7233\/revisions\/7749"}],"wp:attachment":[{"href":"https:\/\/www.gobernanzauniversitaria.cl\/index.php?rest_route=%2Fwp%2Fv2%2Fmedia&parent=7233"}],"curies":[{"name":"wp","href":"https:\/\/api.w.org\/{rel}","templated":true}]}}