{"id":6968,"date":"2024-06-29T15:40:54","date_gmt":"2024-06-29T18:40:54","guid":{"rendered":"https:\/\/www.gobernanzauniversitaria.cl\/?page_id=6968"},"modified":"2024-06-29T15:40:54","modified_gmt":"2024-06-29T18:40:54","slug":"seminarios-interuniversitarios","status":"publish","type":"page","link":"https:\/\/www.gobernanzauniversitaria.cl\/?page_id=6968","title":{"rendered":"Seminarios Interuniversitarios"},"content":{"rendered":"<div class=\"wbc-row\"><div class=\"wbc-col wbc-col-12\"><div class=\"wbc-row-inner\"><div class=\"wbc-col wbc-col-12\"><h2 class=\"wbc-heading \" style=\"\">Seminarios Interuniversitarios<\/h2><hr class=\"wbc-separator\" style=\"border-color:blue;\" \/><\/div><\/div><\/div><div class=\"wbc-col wbc-col-8\"><div class=\"wbc-row-inner\"><div class=\"wbc-col wbc-col-12\"><div class=\"wbc-text\">Estos eventos espor\u00e1dicos, realizados en diversas universidades chilenas, tienen como objetivo discutir temas relevantes y actuales del sistema universitario local, su gobierno y pol\u00edticas, as\u00ed como teorizar sobre mejoras para el futuro de la educaci\u00f3n superior en general. Adem\u00e1s, buscan promover publicaciones de acad\u00e9micos reconocidos en esta tem\u00e1tica.<\/p>\n<p>Cada evento se extiende por una jornada completa e incluye al menos una conferencia y una mesa de discusi\u00f3n, brindando una plataforma enriquecedora para el intercambio de ideas y la reflexi\u00f3n.<\/p>\n<p>Desde 2016, se han llevado a cabo tres ediciones en universidades de todo Chile, incluyendo la Universidad de Los Lagos en el campus Osorno, la Universidad de Concepci\u00f3n y la Universidad de Playa Ancha.<\/div><\/div><\/div><\/div><div class=\"wbc-col wbc-col-4\"><div class=\"wbc-row-inner\"><div class=\"wbc-col wbc-col-12\"><div class=\"wbc-single-image\" style=\"text-align:center;\"><\/div><div class=\"wbc-single-image\" style=\"text-align:center;\"><\/div><\/div><\/div><\/div><\/div>\n","protected":false},"excerpt":{"rendered":"","protected":false},"author":1,"featured_media":0,"parent":0,"menu_order":0,"comment_status":"closed","ping_status":"closed","template":"","meta":{"footnotes":""},"class_list":["post-6968","page","type-page","status-publish","hentry"],"_links":{"self":[{"href":"https:\/\/www.gobernanzauniversitaria.cl\/index.php?rest_route=\/wp\/v2\/pages\/6968","targetHints":{"allow":["GET"]}}],"collection":[{"href":"https:\/\/www.gobernanzauniversitaria.cl\/index.php?rest_route=\/wp\/v2\/pages"}],"about":[{"href":"https:\/\/www.gobernanzauniversitaria.cl\/index.php?rest_route=\/wp\/v2\/types\/page"}],"author":[{"embeddable":true,"href":"https:\/\/www.gobernanzauniversitaria.cl\/index.php?rest_route=\/wp\/v2\/users\/1"}],"replies":[{"embeddable":true,"href":"https:\/\/www.gobernanzauniversitaria.cl\/index.php?rest_route=%2Fwp%2Fv2%2Fcomments&post=6968"}],"version-history":[{"count":0,"href":"https:\/\/www.gobernanzauniversitaria.cl\/index.php?rest_route=\/wp\/v2\/pages\/6968\/revisions"}],"wp:attachment":[{"href":"https:\/\/www.gobernanzauniversitaria.cl\/index.php?rest_route=%2Fwp%2Fv2%2Fmedia&parent=6968"}],"curies":[{"name":"wp","href":"https:\/\/api.w.org\/{rel}","templated":true}]}}